{"id":29076,"date":"2025-07-11T06:05:18","date_gmt":"2025-07-11T06:05:18","guid":{"rendered":"https:\/\/mayoristas.latinmarketmanacompany.com\/mi-cuenta\/"},"modified":"2025-07-21T13:35:25","modified_gmt":"2025-07-21T13:35:25","slug":"mi-cuenta","status":"publish","type":"page","link":"https:\/\/mayoristas.latinmarketmanacompany.com\/en\/mi-cuenta\/","title":{"rendered":"Mi cuenta"},"content":{"rendered":"<div data-elementor-type=\"wp-page\" data-elementor-id=\"29076\" class=\"elementor elementor-29076\" data-elementor-post-type=\"page\">\n\t\t\t\t<div class=\"elementor-element elementor-element-36f90e9 e-con-full e-flex e-con e-parent\" data-id=\"36f90e9\" data-element_type=\"container\" data-e-type=\"container\" data-settings=\"{&quot;background_background&quot;:&quot;classic&quot;}\">\n\t\t\t\t<div class=\"elementor-element elementor-element-2c5bab6 elementor-widget elementor-widget-heading\" data-id=\"2c5bab6\" data-element_type=\"widget\" data-e-type=\"widget\" data-widget_type=\"heading.default\">\n\t\t\t\t<div class=\"elementor-widget-container\">\n\t\t\t\t\t<h2 class=\"elementor-heading-title elementor-size-default\">Mi Cuenta<\/h2>\t\t\t\t<\/div>\n\t\t\t\t<\/div>\n\t\t\t\t<\/div>\n\t\t<div class=\"elementor-element elementor-element-6b01cc1 e-con-full e-flex e-con e-parent\" data-id=\"6b01cc1\" data-element_type=\"container\" data-e-type=\"container\">\n\t\t\t\t<div class=\"elementor-element elementor-element-d59b1fe elementor-widget elementor-widget-spacer\" data-id=\"d59b1fe\" data-element_type=\"widget\" data-e-type=\"widget\" data-widget_type=\"spacer.default\">\n\t\t\t\t<div class=\"elementor-widget-container\">\n\t\t\t\t\t\t\t<div class=\"elementor-spacer\">\n\t\t\t<div class=\"elementor-spacer-inner\"><\/div>\n\t\t<\/div>\n\t\t\t\t\t\t<\/div>\n\t\t\t\t<\/div>\n\t\t\t\t<\/div>\n\t\t<div class=\"elementor-element elementor-element-58df001e e-flex e-con-boxed e-con e-parent\" data-id=\"58df001e\" data-element_type=\"container\" data-e-type=\"container\">\n\t\t\t\t\t<div class=\"e-con-inner\">\n\t\t\t\t<div class=\"elementor-element elementor-element-6f37f06 e-my-account-tabs-vertical elementor-widget elementor-widget-woocommerce-my-account\" data-id=\"6f37f06\" data-element_type=\"widget\" data-e-type=\"widget\" data-settings=\"{&quot;customize_dashboard_check&quot;:&quot;yes&quot;}\" data-widget_type=\"woocommerce-my-account.default\">\n\t\t\t\t<div class=\"elementor-widget-container\">\n\t\t\t\t\t<div class=\"e-my-account-tab e-my-account-tab__\">\t\t\t<div class=\"woocommerce\"><\/div>\t\t<\/div>\n\t\t\t\t\t\t<\/div>\n\t\t\t\t<\/div>\n\t\t\t\t\t<\/div>\n\t\t\t\t<\/div>\n\t\t<div class=\"elementor-element elementor-element-7bfba5a e-con-full e-flex e-con e-parent\" data-id=\"7bfba5a\" data-element_type=\"container\" data-e-type=\"container\">\n\t\t\t\t<div class=\"elementor-element elementor-element-64a634f elementor-widget elementor-widget-spacer\" data-id=\"64a634f\" data-element_type=\"widget\" data-e-type=\"widget\" data-widget_type=\"spacer.default\">\n\t\t\t\t<div class=\"elementor-widget-container\">\n\t\t\t\t\t\t\t<div class=\"elementor-spacer\">\n\t\t\t<div class=\"elementor-spacer-inner\"><\/div>\n\t\t<\/div>\n\t\t\t\t\t\t<\/div>\n\t\t\t\t<\/div>\n\t\t\t\t<\/div>\n\t\t\t\t<\/div>","protected":false},"excerpt":{"rendered":"<p>Mi Cuenta Escritorio Pedidos Direcciones Detalles de la cuenta Cerrar sesi\u00f3n Hola mayoristaslatinmarketmana (\u00bfno eres mayoristaslatinmarketmana? Cerrar sesi\u00f3n) Desde el escritorio de tu cuenta puedes ver tus pedidos recientes, gestionar tus direcciones de env\u00edo y facturaci\u00f3n y editar tu contrase\u00f1a y los detalles de tu cuenta.<\/p>","protected":false},"author":1,"featured_media":0,"parent":0,"menu_order":0,"comment_status":"closed","ping_status":"closed","template":"","meta":{"footnotes":""},"class_list":["post-29076","page","type-page","status-publish","hentry"],"jetpack_sharing_enabled":true,"_links":{"self":[{"href":"https:\/\/mayoristas.latinmarketmanacompany.com\/en\/wp-json\/wp\/v2\/pages\/29076","targetHints":{"allow":["GET"]}}],"collection":[{"href":"https:\/\/mayoristas.latinmarketmanacompany.com\/en\/wp-json\/wp\/v2\/pages"}],"about":[{"href":"https:\/\/mayoristas.latinmarketmanacompany.com\/en\/wp-json\/wp\/v2\/types\/page"}],"author":[{"embeddable":true,"href":"https:\/\/mayoristas.latinmarketmanacompany.com\/en\/wp-json\/wp\/v2\/users\/1"}],"replies":[{"embeddable":true,"href":"https:\/\/mayoristas.latinmarketmanacompany.com\/en\/wp-json\/wp\/v2\/comments?post=29076"}],"version-history":[{"count":27,"href":"https:\/\/mayoristas.latinmarketmanacompany.com\/en\/wp-json\/wp\/v2\/pages\/29076\/revisions"}],"predecessor-version":[{"id":29400,"href":"https:\/\/mayoristas.latinmarketmanacompany.com\/en\/wp-json\/wp\/v2\/pages\/29076\/revisions\/29400"}],"wp:attachment":[{"href":"https:\/\/mayoristas.latinmarketmanacompany.com\/en\/wp-json\/wp\/v2\/media?parent=29076"}],"curies":[{"name":"wp","href":"https:\/\/api.w.org\/{rel}","templated":true}]}}